{"id":7930,"date":"2018-09-22T13:06:22","date_gmt":"2018-09-22T11:06:22","guid":{"rendered":"http:\/\/fanfarepully.ch\/?page_id=7930"},"modified":"2018-09-22T13:12:31","modified_gmt":"2018-09-22T11:12:31","slug":"youri-rosset","status":"publish","type":"page","link":"https:\/\/fanfarepully.ch\/portail\/?page_id=7930","title":{"rendered":"Youri Rosset"},"content":{"rendered":"<p><img loading=\"lazy\" decoding=\"async\" class=\"alignnone wp-image-7931\" src=\"https:\/\/fanfarepully.ch\/portail\/wp-content\/uploads\/2018\/09\/YouriRosset-206x300.jpg\" alt=\"\" width=\"149\" height=\"217\" srcset=\"https:\/\/fanfarepully.ch\/portail\/wp-content\/uploads\/2018\/09\/YouriRosset-206x300.jpg 206w, https:\/\/fanfarepully.ch\/portail\/wp-content\/uploads\/2018\/09\/YouriRosset.jpg 381w\" sizes=\"auto, (max-width: 149px) 100vw, 149px\" \/><\/p>\n<p><b>Biographie:<\/b><\/p>\n<p>Youri Rosset est n\u00e9 \u00e0 Lausanne en 1994. Il commence la percussion \u00e0 l\u2019\u00e2ge de huit ans dans la classe de Fr\u00e9d\u00e9ric Rod \u00e0 Epalinges, et depuis cette passion prendra toujours plus de place dans sa vie.<\/p>\n<p>Il \u00e9tudie depuis 2012 dans la classe de percussions classiques de la HEMU Lausanne avec St\u00e9phane Borel, Jacques Hostettler et Nicolas Suter. Il participe \u00e0 des Masterclasses en particulier avec Keiko Abe, Nebojsa Zivkovic, Jean Geoffroy, Nick Wood et Mark Braafhart (Concertgebouw orchestra), et Nicolas Martynciow (orchestre de Paris).<\/p>\n<p>Il enseigne dans les classes de batterie et de percussion de notre \u00e9cole depuis 2017.<\/p>\n","protected":false},"excerpt":{"rendered":"<p>Biographie: Youri Rosset est n\u00e9 \u00e0 Lausanne en 1994. Il commence la percussion \u00e0 l\u2019\u00e2ge de huit ans dans la classe de Fr\u00e9d\u00e9ric Rod \u00e0 Epalinges, et depuis cette passion prendra toujours plus de place dans sa vie. Il \u00e9tudie depuis 2012 dans la classe de percussions classiques de la HEMU Lausanne avec St\u00e9phane Borel, &hellip; <\/p>\n<p class=\"link-more\"><a href=\"https:\/\/fanfarepully.ch\/portail\/?page_id=7930\" class=\"more-link\">Continuer la lecture<span class=\"screen-reader-text\"> de &laquo;&nbsp;Youri Rosset&nbsp;&raquo;<\/span><\/a><\/p>\n","protected":false},"author":1,"featured_media":0,"parent":24,"menu_order":0,"comment_status":"closed","ping_status":"closed","template":"","meta":{"ngg_post_thumbnail":0,"footnotes":""},"class_list":["post-7930","page","type-page","status-publish","hentry"],"_links":{"self":[{"href":"https:\/\/fanfarepully.ch\/portail\/index.php?rest_route=\/wp\/v2\/pages\/7930","targetHints":{"allow":["GET"]}}],"collection":[{"href":"https:\/\/fanfarepully.ch\/portail\/index.php?rest_route=\/wp\/v2\/pages"}],"about":[{"href":"https:\/\/fanfarepully.ch\/portail\/index.php?rest_route=\/wp\/v2\/types\/page"}],"author":[{"embeddable":true,"href":"https:\/\/fanfarepully.ch\/portail\/index.php?rest_route=\/wp\/v2\/users\/1"}],"replies":[{"embeddable":true,"href":"https:\/\/fanfarepully.ch\/portail\/index.php?rest_route=%2Fwp%2Fv2%2Fcomments&post=7930"}],"version-history":[{"count":4,"href":"https:\/\/fanfarepully.ch\/portail\/index.php?rest_route=\/wp\/v2\/pages\/7930\/revisions"}],"predecessor-version":[{"id":7938,"href":"https:\/\/fanfarepully.ch\/portail\/index.php?rest_route=\/wp\/v2\/pages\/7930\/revisions\/7938"}],"up":[{"embeddable":true,"href":"https:\/\/fanfarepully.ch\/portail\/index.php?rest_route=\/wp\/v2\/pages\/24"}],"wp:attachment":[{"href":"https:\/\/fanfarepully.ch\/portail\/index.php?rest_route=%2Fwp%2Fv2%2Fmedia&parent=7930"}],"curies":[{"name":"wp","href":"https:\/\/api.w.org\/{rel}","templated":true}]}}