{"id":5478,"date":"2017-06-04T18:21:20","date_gmt":"2017-06-04T16:21:20","guid":{"rendered":"http:\/\/fanfarepully.ch\/portail\/portail\/?page_id=5478"},"modified":"2018-09-22T13:08:21","modified_gmt":"2018-09-22T11:08:21","slug":"zoran-kazakov","status":"publish","type":"page","link":"https:\/\/fanfarepully.ch\/portail\/?page_id=5478","title":{"rendered":"Zoran Kazakov"},"content":{"rendered":"<p><img loading=\"lazy\" decoding=\"async\" class=\"alignnone size-full wp-image-5599\" src=\"https:\/\/fanfarepully.ch\/portail\/wp-content\/uploads\/2017\/06\/zoran_kazakov.jpg\" alt=\"\" width=\"200\" height=\"133\"><\/p>\n<p><span style=\"font-family: Arial;\"><b>Biographie:<\/b><\/span><\/p>\n<p>Il a obtenu ses premiers dipl\u00f4mes de trompette en Mac\u00e9doine, dans la classe de Simeon Savev. Apr\u00e8s un Premier Prix au Concours de Belgrade, il a poursuivi ses \u00e9tudes au Conservatoire de Lausanne, o\u00f9 il a obtenu sa virtuosit\u00e9 dans la classe de Vanca Samonikov en 2000.<\/p>\n<p>Apr\u00e8s avoir parachev\u00e9 son art aux Etats-Unis, au sein de la Kent State University, o\u00f9 il a travaill\u00e9 comme professeur assistant, il s\u2019est perfectionn\u00e9 en musique ancienne et en trompette naturelle dans la classe de Patrick Lehmann au Conservatoire de La Chaux-de-Fonds ainsi qu&rsquo;en musique improvis\u00e9e \u00e0 l&rsquo;EJMA \u00e0 Lausanne.<\/p>\n<p>Ajoutons \u00e0 ce palmar\u00e8s son stage aupr\u00e8s de Doc Severinsen et sa r\u00e9ussite au concours de premier trompette solo de l\u2019Orchestre Symphonique d\u2019Afrique du Sud.<\/p>\n<p>Il a \u00e9t\u00e9 membre de diff\u00e9rents orchestres en Mac\u00e9doine, puis en Suisse (dont l&rsquo;ensemble D\u00e9lit de Cuivre).<\/p>\n<p>Actuellement, Zoran Kazakov enseigne la trompette dans plusieurs \u00e9coles de musique de Suisse romande.<\/p>\n","protected":false},"excerpt":{"rendered":"<p>Biographie: Il a obtenu ses premiers dipl\u00f4mes de trompette en Mac\u00e9doine, dans la classe de Simeon Savev. Apr\u00e8s un Premier Prix au Concours de Belgrade, il a poursuivi ses \u00e9tudes au Conservatoire de Lausanne, o\u00f9 il a obtenu sa virtuosit\u00e9 dans la classe de Vanca Samonikov en 2000. Apr\u00e8s avoir parachev\u00e9 son art aux Etats-Unis, &hellip; <\/p>\n<p class=\"link-more\"><a href=\"https:\/\/fanfarepully.ch\/portail\/?page_id=5478\" class=\"more-link\">Continuer la lecture<span class=\"screen-reader-text\"> de &laquo;&nbsp;Zoran Kazakov&nbsp;&raquo;<\/span><\/a><\/p>\n","protected":false},"author":1,"featured_media":0,"parent":24,"menu_order":0,"comment_status":"closed","ping_status":"closed","template":"","meta":{"ngg_post_thumbnail":0,"footnotes":""},"class_list":["post-5478","page","type-page","status-publish","hentry"],"_links":{"self":[{"href":"https:\/\/fanfarepully.ch\/portail\/index.php?rest_route=\/wp\/v2\/pages\/5478","targetHints":{"allow":["GET"]}}],"collection":[{"href":"https:\/\/fanfarepully.ch\/portail\/index.php?rest_route=\/wp\/v2\/pages"}],"about":[{"href":"https:\/\/fanfarepully.ch\/portail\/index.php?rest_route=\/wp\/v2\/types\/page"}],"author":[{"embeddable":true,"href":"https:\/\/fanfarepully.ch\/portail\/index.php?rest_route=\/wp\/v2\/users\/1"}],"replies":[{"embeddable":true,"href":"https:\/\/fanfarepully.ch\/portail\/index.php?rest_route=%2Fwp%2Fv2%2Fcomments&post=5478"}],"version-history":[{"count":3,"href":"https:\/\/fanfarepully.ch\/portail\/index.php?rest_route=\/wp\/v2\/pages\/5478\/revisions"}],"predecessor-version":[{"id":7935,"href":"https:\/\/fanfarepully.ch\/portail\/index.php?rest_route=\/wp\/v2\/pages\/5478\/revisions\/7935"}],"up":[{"embeddable":true,"href":"https:\/\/fanfarepully.ch\/portail\/index.php?rest_route=\/wp\/v2\/pages\/24"}],"wp:attachment":[{"href":"https:\/\/fanfarepully.ch\/portail\/index.php?rest_route=%2Fwp%2Fv2%2Fmedia&parent=5478"}],"curies":[{"name":"wp","href":"https:\/\/api.w.org\/{rel}","templated":true}]}}