{"id":4,"date":"2017-04-22T11:47:54","date_gmt":"2017-04-22T11:47:54","guid":{"rendered":"http:\/\/fanfarepully.ch\/portail\/portail\/?page_id=4"},"modified":"2025-07-22T21:03:24","modified_gmt":"2025-07-22T19:03:24","slug":"accueil","status":"publish","type":"page","link":"https:\/\/fanfarepully.ch\/portail\/?page_id=4","title":{"rendered":"Accueil"},"content":{"rendered":"<p>Le Corps de musique de Pully a \u00e9t\u00e9 fond\u00e9 le 1<sup>er<\/sup> ao\u00fbt 1901 et porte le titre de Fanfare Municipale depuis le 22 mars 1946.<\/p>\n<p>Le Corps de Musique est l&rsquo;une des plus anciennes soci\u00e9t\u00e9s pulli\u00e9ranes. Une trentaine de musiciennes et musiciens forment cet ensemble d&rsquo;instruments de cuivre et de percussions, de type Brass Band.<\/p>\n<p>Une <a href=\"https:\/\/fanfarepully.ch\/portail\/?page_id=24\">\u00e9cole de musique (EMCMP)<\/a>, membre de l&rsquo;\u00e9cole de musique Multisite, forme de jeunes musiciens pour assurer la rel\u00e8ve de la soci\u00e9t\u00e9.<\/p>\n<p>Le Corps de Musique participe activement \u00e0 la vie pulli\u00e9rane en organisant sa soir\u00e9e annuelle, en animant musicalement des manifestations officielles de la Commune et en participant \u00e0 diverses manifestations dans la r\u00e9gion, en Suisse et \u00e0 l&rsquo;\u00e9tranger.<\/p>\n<p>Retrouvez le CMP sur &nbsp; &nbsp; <a href=\"http:\/\/www.facebook.com\/pages\/Corps-de-Musique-de-Pully\/625994427473001?fref=ts\" target=\"_blank\" rel=\"noopener noreferrer\"><img loading=\"lazy\" decoding=\"async\" class=\"alignnone wp-image-5542\" src=\"https:\/\/fanfarepully.ch\/portail\/portail\/wp-content\/uploads\/2017\/04\/facebook-150x150.png\" alt=\"\" width=\"50\" height=\"50\" srcset=\"https:\/\/fanfarepully.ch\/portail\/wp-content\/uploads\/2017\/04\/facebook-150x150.png 150w, https:\/\/fanfarepully.ch\/portail\/wp-content\/uploads\/2017\/04\/facebook-300x300.png 300w, https:\/\/fanfarepully.ch\/portail\/wp-content\/uploads\/2017\/04\/facebook-100x100.png 100w, https:\/\/fanfarepully.ch\/portail\/wp-content\/uploads\/2017\/04\/facebook.png 512w\" sizes=\"auto, (max-width: 50px) 100vw, 50px\" \/><\/a> et t<a href=\"https:\/\/www.instagram.com\/fanfarepully\/\" target=\"_blank\" rel=\"noopener noreferrer\"><img loading=\"lazy\" decoding=\"async\" class=\"alignnone wp-image-8173 size-full\" src=\"https:\/\/fanfarepully.ch\/portail\/wp-content\/uploads\/2019\/06\/insta-e1559901780696.jpg\" alt=\"\" width=\"80\" height=\"82\"><\/a><\/p>\n<p><iframe loading=\"lazy\" title=\"Soci\u00e9t\u00e9s locales - Corps de musique de Pully\" width=\"525\" height=\"295\" src=\"https:\/\/www.youtube.com\/embed\/-5URDsCBz9I?feature=oembed\" frameborder=\"0\" allow=\"accelerometer; autoplay; clipboard-write; encrypted-media; gyroscope; picture-in-picture; web-share\" referrerpolicy=\"strict-origin-when-cross-origin\" allowfullscreen><\/iframe><\/p>\n<p>Les r\u00e9p\u00e9titions ont lieu les jeudis en soir\u00e9e dans notre local au refuge des Quatre Vents, au chemin du Stand \u00e0 Pully. Tout nouveau musicien est le bienvenu ! N&rsquo;h\u00e9sitez pas \u00e0 vous manifester pour rejoindre nos rangs.<\/p>\n<p>Situation du local de musique :&nbsp;&nbsp;<a href=\"https:\/\/maps.app.goo.gl\/toPf6FNo9FjyTYgx7\" target=\"_blank\">https:\/\/maps.app.goo.gl\/toPf6FNo9FjyTYgx7<\/a><\/p>\n<!-- \/wp:post-content -->","protected":false},"excerpt":{"rendered":"<p>Le Corps de musique de Pully a \u00e9t\u00e9 fond\u00e9 le 1er ao\u00fbt 1901 et porte le titre de Fanfare Municipale depuis le 22 mars 1946. Le Corps de Musique est l&rsquo;une des plus anciennes soci\u00e9t\u00e9s pulli\u00e9ranes. Une trentaine de musiciennes et musiciens forment cet ensemble d&rsquo;instruments de cuivre et de percussions, de type Brass Band. &hellip; <\/p>\n<p class=\"link-more\"><a href=\"https:\/\/fanfarepully.ch\/portail\/?page_id=4\" class=\"more-link\">Continuer la lecture<span class=\"screen-reader-text\"> de &laquo;&nbsp;Accueil&nbsp;&raquo;<\/span><\/a><\/p>\n","protected":false},"author":1,"featured_media":0,"parent":0,"menu_order":0,"comment_status":"closed","ping_status":"closed","template":"","meta":{"ngg_post_thumbnail":0,"footnotes":""},"class_list":["post-4","page","type-page","status-publish","hentry"],"_links":{"self":[{"href":"https:\/\/fanfarepully.ch\/portail\/index.php?rest_route=\/wp\/v2\/pages\/4","targetHints":{"allow":["GET"]}}],"collection":[{"href":"https:\/\/fanfarepully.ch\/portail\/index.php?rest_route=\/wp\/v2\/pages"}],"about":[{"href":"https:\/\/fanfarepully.ch\/portail\/index.php?rest_route=\/wp\/v2\/types\/page"}],"author":[{"embeddable":true,"href":"https:\/\/fanfarepully.ch\/portail\/index.php?rest_route=\/wp\/v2\/users\/1"}],"replies":[{"embeddable":true,"href":"https:\/\/fanfarepully.ch\/portail\/index.php?rest_route=%2Fwp%2Fv2%2Fcomments&post=4"}],"version-history":[{"count":27,"href":"https:\/\/fanfarepully.ch\/portail\/index.php?rest_route=\/wp\/v2\/pages\/4\/revisions"}],"predecessor-version":[{"id":9156,"href":"https:\/\/fanfarepully.ch\/portail\/index.php?rest_route=\/wp\/v2\/pages\/4\/revisions\/9156"}],"wp:attachment":[{"href":"https:\/\/fanfarepully.ch\/portail\/index.php?rest_route=%2Fwp%2Fv2%2Fmedia&parent=4"}],"curies":[{"name":"wp","href":"https:\/\/api.w.org\/{rel}","templated":true}]}}