{"id":24,"date":"2017-04-22T14:33:01","date_gmt":"2017-04-22T12:33:01","guid":{"rendered":"http:\/\/fanfarepully.ch\/portail\/portail\/?page_id=24"},"modified":"2023-08-28T08:45:54","modified_gmt":"2023-08-28T06:45:54","slug":"ecole-de-musique-du-corps-de-musique-de-pully","status":"publish","type":"page","link":"https:\/\/fanfarepully.ch\/portail\/?page_id=24","title":{"rendered":"Ecole de Musique du Corps de Musique de Pully"},"content":{"rendered":"<p><img loading=\"lazy\" decoding=\"async\" class=\" wp-image-27 aligncenter\" src=\"https:\/\/fanfarepully.ch\/portail\/wp-content\/uploads\/2017\/04\/LogoEMCMP-300x220.jpg\" alt=\"\" width=\"190\" height=\"139\" srcset=\"https:\/\/fanfarepully.ch\/portail\/wp-content\/uploads\/2017\/04\/LogoEMCMP-300x220.jpg 300w, https:\/\/fanfarepully.ch\/portail\/wp-content\/uploads\/2017\/04\/LogoEMCMP.jpg 400w\" sizes=\"auto, (max-width: 190px) 100vw, 190px\" \/><\/p>\n<p>Sous la conduite de professeurs dipl\u00f4m\u00e9s, les jeunes musiciens peuvent suivre, d\u00e8s l&rsquo;\u00e2ge de 8 ans, des cours au sein de l&rsquo;Ecole de Musique Multisite, sur le site de Pully.<\/p>\n<p style=\"text-align: center;\"><a href=\"http:\/\/pully.multisite.ch\" target=\"_blank\" rel=\"attachment noopener wp-att-8567\"><img loading=\"lazy\" decoding=\"async\" class=\"alignnone  wp-image-8567\" src=\"https:\/\/fanfarepully.ch\/portail\/wp-content\/uploads\/2021\/11\/em_multisite.jpg\" alt=\"\" width=\"234\" height=\"103\" srcset=\"https:\/\/fanfarepully.ch\/portail\/wp-content\/uploads\/2021\/11\/em_multisite.jpg 338w, https:\/\/fanfarepully.ch\/portail\/wp-content\/uploads\/2021\/11\/em_multisite-300x132.jpg 300w\" sizes=\"auto, (max-width: 234px) 100vw, 234px\" \/><\/a><\/p>\n<h2 style=\"text-align: center;\"><a href=\"https:\/\/pully.multisite.ch\" target=\"_blank\" rel=\"noopener noreferrer\">pully.multisite.ch<\/a><\/h2>\n<p>&nbsp;<\/p>\n<p>Les \u00e9l\u00e8ves y apprennent le solf\u00e8ge et re\u00e7oivent une formation sur un instrument de musique mis \u00e0 disposition par la soci\u00e9t\u00e9. Pour appr\u00e9cier les progr\u00e8s r\u00e9alis\u00e9s, deux auditions des \u00e9l\u00e8ves sont programm\u00e9es en d\u00e9cembre et en fin d&rsquo;ann\u00e9e scolaire.<\/p>\n<p>&nbsp;<\/p>\n<p>D\u00e8s que leur niveau le permet, les jeunes musiciens sont int\u00e9gr\u00e9s dans l&rsquo;Ensemble de jeunes de l&rsquo;EMCMP. Ils pratiquent ainsi la musique en groupe et jouent des morceaux adapt\u00e9s \u00e0 leur niveau. Les \u00e9l\u00e8ves peuvent \u00e9galement participer \u00e0 des activit\u00e9s avec les jeunes d&rsquo;autres soci\u00e9t\u00e9s : les camps musicaux en \u00e9t\u00e9 et l&rsquo;ensemble des jeunes du giron.<\/p>\n<p>Notre \u00e9cole de musique fait partie de l&rsquo;Ecole Multisite, membre de l&rsquo;Association des Ecoles de Musique de la Soci\u00e9t\u00e9 Cantonale des musiques vaudoises <a href=\"http:\/\/www.aem-scmv.ch\/\" target=\"_blank\" rel=\"noopener noreferrer\">(AEM-SCMV<\/a>).<\/p>\n<p>&nbsp;<\/p>\n\n\n<p><\/p>\n","protected":false},"excerpt":{"rendered":"<p>Sous la conduite de professeurs dipl\u00f4m\u00e9s, les jeunes musiciens peuvent suivre, d\u00e8s l&rsquo;\u00e2ge de 8 ans, des cours au sein de l&rsquo;Ecole de Musique Multisite, sur le site de Pully. pully.multisite.ch &nbsp; Les \u00e9l\u00e8ves y apprennent le solf\u00e8ge et re\u00e7oivent une formation sur un instrument de musique mis \u00e0 disposition par la soci\u00e9t\u00e9. Pour appr\u00e9cier &hellip; <\/p>\n<p class=\"link-more\"><a href=\"https:\/\/fanfarepully.ch\/portail\/?page_id=24\" class=\"more-link\">Continuer la lecture<span class=\"screen-reader-text\"> de &laquo;&nbsp;Ecole de Musique du Corps de Musique de Pully&nbsp;&raquo;<\/span><\/a><\/p>\n","protected":false},"author":1,"featured_media":0,"parent":0,"menu_order":0,"comment_status":"closed","ping_status":"closed","template":"","meta":{"ngg_post_thumbnail":0,"footnotes":""},"class_list":["post-24","page","type-page","status-publish","hentry"],"_links":{"self":[{"href":"https:\/\/fanfarepully.ch\/portail\/index.php?rest_route=\/wp\/v2\/pages\/24","targetHints":{"allow":["GET"]}}],"collection":[{"href":"https:\/\/fanfarepully.ch\/portail\/index.php?rest_route=\/wp\/v2\/pages"}],"about":[{"href":"https:\/\/fanfarepully.ch\/portail\/index.php?rest_route=\/wp\/v2\/types\/page"}],"author":[{"embeddable":true,"href":"https:\/\/fanfarepully.ch\/portail\/index.php?rest_route=\/wp\/v2\/users\/1"}],"replies":[{"embeddable":true,"href":"https:\/\/fanfarepully.ch\/portail\/index.php?rest_route=%2Fwp%2Fv2%2Fcomments&post=24"}],"version-history":[{"count":50,"href":"https:\/\/fanfarepully.ch\/portail\/index.php?rest_route=\/wp\/v2\/pages\/24\/revisions"}],"predecessor-version":[{"id":8973,"href":"https:\/\/fanfarepully.ch\/portail\/index.php?rest_route=\/wp\/v2\/pages\/24\/revisions\/8973"}],"wp:attachment":[{"href":"https:\/\/fanfarepully.ch\/portail\/index.php?rest_route=%2Fwp%2Fv2%2Fmedia&parent=24"}],"curies":[{"name":"wp","href":"https:\/\/api.w.org\/{rel}","templated":true}]}}