{"id":152,"date":"2017-05-14T10:08:29","date_gmt":"2017-05-14T08:08:29","guid":{"rendered":"http:\/\/fanfarepully.ch\/portail\/portail\/?page_id=152"},"modified":"2025-10-29T20:52:51","modified_gmt":"2025-10-29T19:52:51","slug":"contacts","status":"publish","type":"page","link":"https:\/\/fanfarepully.ch\/portail\/?page_id=152","title":{"rendered":"Contacts"},"content":{"rendered":"<h3><strong>Adresse du CMP<\/strong><\/h3>\n<table border=\"0\">\n<tbody>\n<tr>\n<td>\n<ul>\n<li style=\"list-style-type: none;\">Corps de musique de Pully<\/li>\n<li style=\"list-style-type: none;\">1009 Pully<\/li>\n<\/ul>\n<p>&nbsp;&nbsp;&nbsp; &nbsp;&nbsp; <a href=\"mailto:info@fanfarepully.ch\">info@fanfarepully.ch<\/a><\/p>\n<ul>\n<li style=\"list-style-type: none;\">IBAN CH60 0900 0000 1000 5990 1<\/li>\n<li style=\"list-style-type: none;\">CCP 10-5990-1<\/li>\n<\/ul>\n<p>&nbsp;<\/p>\n<ul>\n<li style=\"list-style-type: none;\">CCP de l&rsquo;Ecole de Musique : 17-649103-2<\/li>\n<\/ul>\n<\/td>\n<td><a href=\"https:\/\/fanfarepully.ch\/portail\/wp-content\/gallery\/images\/Logo CMP CMJK.jpg\" target=\"_blank\" rel=\"noopener noreferrer\"><img loading=\"lazy\" decoding=\"async\" class=\"alignnone size-full wp-image-6965\" src=\"https:\/\/fanfarepully.ch\/portail\/wp-content\/uploads\/2017\/06\/logoCMP.jpg\" alt=\"\" width=\"200\" height=\"200\" srcset=\"https:\/\/fanfarepully.ch\/portail\/wp-content\/uploads\/2017\/06\/logoCMP.jpg 200w, https:\/\/fanfarepully.ch\/portail\/wp-content\/uploads\/2017\/06\/logoCMP-150x150.jpg 150w, https:\/\/fanfarepully.ch\/portail\/wp-content\/uploads\/2017\/06\/logoCMP-100x100.jpg 100w\" sizes=\"auto, (max-width: 200px) 100vw, 200px\" \/><\/a><\/td>\n<\/tr>\n<\/tbody>\n<\/table>\n\n\n<p>Le <strong>local de r\u00e9p\u00e9titions<\/strong> est situ\u00e9 au Chemin du Stand 7, 1009 Pully<\/p>\n\n\n\n<p class=\"has-text-align-center\"><a href=\"https:\/\/maps.app.goo.gl\/T6KamAfeny6Vfw37A\" data-type=\"link\" data-id=\"https:\/\/maps.app.goo.gl\/T6KamAfeny6Vfw37A\" target=\"_blank\">https:\/\/maps.app.goo.gl\/T6KamAfeny6Vfw37A<\/a><\/p>\n\n\n\n<p>Bus 47, arr\u00eat Pr\u00e9 Pariset<\/p>\n\n\n\n<h3 class=\"wp-block-heading\"><strong>Pr\u00e9sident<\/strong><\/h3>\n\n\n\n<div class=\"wp-block-columns is-layout-flex wp-container-core-columns-is-layout-9d6595d7 wp-block-columns-is-layout-flex\">\n<div class=\"wp-block-column is-layout-flow wp-block-column-is-layout-flow\" style=\"flex-basis:100%\">\n<figure class=\"wp-block-table is-style-stripes\"><table><tbody><tr><td>Christophe D\u00e9glon<br>Chemin de la Cabane 1<br>1674 Vuarmarens<\/td><td>T\u00e9l. 079 507 67 38<\/td><\/tr><\/tbody><\/table><\/figure>\n<\/div>\n<\/div>\n\n\n\n<h3 class=\"wp-block-heading\"><strong>Directeur<\/strong><\/h3>\n\n\n\n<p>St\u00e9phane Pecorini         T\u00e9l. 078 894 90 41<\/p>\n","protected":false},"excerpt":{"rendered":"<p>Adresse du CMP Corps de musique de Pully 1009 Pully &nbsp;&nbsp;&nbsp; &nbsp;&nbsp; info@fanfarepully.ch IBAN CH60 0900 0000 1000 5990 1 CCP 10-5990-1 &nbsp; CCP de l&rsquo;Ecole de Musique : 17-649103-2 Le local de r\u00e9p\u00e9titions est situ\u00e9 au Chemin du Stand 7, 1009 Pully https:\/\/maps.app.goo.gl\/T6KamAfeny6Vfw37A Bus 47, arr\u00eat Pr\u00e9 Pariset Pr\u00e9sident Christophe D\u00e9glonChemin de la Cabane &hellip; <\/p>\n<p class=\"link-more\"><a href=\"https:\/\/fanfarepully.ch\/portail\/?page_id=152\" class=\"more-link\">Continuer la lecture<span class=\"screen-reader-text\"> de &laquo;&nbsp;Contacts&nbsp;&raquo;<\/span><\/a><\/p>\n","protected":false},"author":1,"featured_media":0,"parent":0,"menu_order":0,"comment_status":"closed","ping_status":"closed","template":"","meta":{"ngg_post_thumbnail":0,"footnotes":""},"class_list":["post-152","page","type-page","status-publish","hentry"],"_links":{"self":[{"href":"https:\/\/fanfarepully.ch\/portail\/index.php?rest_route=\/wp\/v2\/pages\/152","targetHints":{"allow":["GET"]}}],"collection":[{"href":"https:\/\/fanfarepully.ch\/portail\/index.php?rest_route=\/wp\/v2\/pages"}],"about":[{"href":"https:\/\/fanfarepully.ch\/portail\/index.php?rest_route=\/wp\/v2\/types\/page"}],"author":[{"embeddable":true,"href":"https:\/\/fanfarepully.ch\/portail\/index.php?rest_route=\/wp\/v2\/users\/1"}],"replies":[{"embeddable":true,"href":"https:\/\/fanfarepully.ch\/portail\/index.php?rest_route=%2Fwp%2Fv2%2Fcomments&post=152"}],"version-history":[{"count":24,"href":"https:\/\/fanfarepully.ch\/portail\/index.php?rest_route=\/wp\/v2\/pages\/152\/revisions"}],"predecessor-version":[{"id":9204,"href":"https:\/\/fanfarepully.ch\/portail\/index.php?rest_route=\/wp\/v2\/pages\/152\/revisions\/9204"}],"wp:attachment":[{"href":"https:\/\/fanfarepully.ch\/portail\/index.php?rest_route=%2Fwp%2Fv2%2Fmedia&parent=152"}],"curies":[{"name":"wp","href":"https:\/\/api.w.org\/{rel}","templated":true}]}}